{"id":27075,"date":"2025-07-23T10:22:21","date_gmt":"2025-07-23T08:22:21","guid":{"rendered":"https:\/\/montech.com\/ch\/?page_id=27075"},"modified":"2025-12-18T22:20:21","modified_gmt":"2025-12-18T21:20:21","slug":"sonnige-aussichten-wie-unternehmen-von-solarstrom-profitieren","status":"publish","type":"page","link":"https:\/\/montech.com\/ch\/de\/blog\/sonnige-aussichten-wie-unternehmen-von-solarstrom-profitieren\/","title":{"rendered":"Sonnige Aussichten: Wie Unternehmen von Solarstrom profitieren"},"content":{"rendered":"","protected":false},"excerpt":{"rendered":"","protected":false},"author":15,"featured_media":0,"parent":26816,"menu_order":0,"comment_status":"closed","ping_status":"closed","template":"views\/products.blade.php","meta":{"_acf_changed":false},"class_list":["post-27075","page","type-page","status-publish","hentry"],"acf":{"disable_search_index":false,"page_title":"Sonnige Aussichten: Wie Unternehmen von Solarstrom profitieren | Montech AG","og_title":"Sonnige Aussichten: Wie Unternehmen von Solarstrom profitieren | Montech AG","og_image":27094,"og_text":"Photovoltaik auf dem Firmendach senkt Energiekosten, erh\u00f6ht die Versorgungssicherheit und st\u00e4rkt Klimastrategien. Erfahren Sie, warum Solarstrom f\u00fcr Industriebetriebe zunehmend attraktiv ist.","og_keywords":""},"_links":{"self":[{"href":"https:\/\/montech.com\/ch\/de\/wp-json\/wp\/v2\/pages\/27075","targetHints":{"allow":["GET"]}}],"collection":[{"href":"https:\/\/montech.com\/ch\/de\/wp-json\/wp\/v2\/pages"}],"about":[{"href":"https:\/\/montech.com\/ch\/de\/wp-json\/wp\/v2\/types\/page"}],"author":[{"embeddable":true,"href":"https:\/\/montech.com\/ch\/de\/wp-json\/wp\/v2\/users\/15"}],"replies":[{"embeddable":true,"href":"https:\/\/montech.com\/ch\/de\/wp-json\/wp\/v2\/comments?post=27075"}],"version-history":[{"count":10,"href":"https:\/\/montech.com\/ch\/de\/wp-json\/wp\/v2\/pages\/27075\/revisions"}],"predecessor-version":[{"id":28424,"href":"https:\/\/montech.com\/ch\/de\/wp-json\/wp\/v2\/pages\/27075\/revisions\/28424"}],"up":[{"embeddable":true,"href":"https:\/\/montech.com\/ch\/de\/wp-json\/wp\/v2\/pages\/26816"}],"wp:attachment":[{"href":"https:\/\/montech.com\/ch\/de\/wp-json\/wp\/v2\/media?parent=27075"}],"curies":[{"name":"wp","href":"https:\/\/api.w.org\/{rel}","templated":true}]}}