{"id":27110,"date":"2025-07-23T14:18:11","date_gmt":"2025-07-23T12:18:11","guid":{"rendered":"https:\/\/montech.com\/ch\/blog\/spare-parts-the-basis-for-smooth-operation-of-your-belt-conveyors\/"},"modified":"2026-01-06T12:59:16","modified_gmt":"2026-01-06T11:59:16","slug":"ersatzteile-die-grundlage-fuer-einen-reibungslosen-betrieb-ihrer-foerderbaender","status":"publish","type":"page","link":"https:\/\/montech.com\/ch\/de\/blog\/ersatzteile-die-grundlage-fuer-einen-reibungslosen-betrieb-ihrer-foerderbaender\/","title":{"rendered":"Ersatzteile: Die Grundlage f\u00fcr einen reibungslosen Betrieb Ihrer F\u00f6rderb\u00e4nder"},"content":{"rendered":"","protected":false},"excerpt":{"rendered":"","protected":false},"author":15,"featured_media":0,"parent":26816,"menu_order":0,"comment_status":"closed","ping_status":"closed","template":"views\/products.blade.php","meta":{"_acf_changed":false},"class_list":["post-27110","page","type-page","status-publish","hentry"],"acf":{"disable_search_index":false,"page_title":"Ersatzteile: Die Grundlage f\u00fcr reibungslosen Betrieb","og_title":"Ersatzteile: Die Grundlage f\u00fcr reibungslosen Betrieb","og_image":"","og_text":"Minimieren Sie Stillst\u00e4nde durch Original-Ersatzteile f\u00fcr F\u00f6rderb\u00e4nder. Montech zeigt, wie ein gut best\u00fccktes Lager Ihre Produktion zuverl\u00e4ssig am Laufen h\u00e4lt.","og_keywords":""},"_links":{"self":[{"href":"https:\/\/montech.com\/ch\/de\/wp-json\/wp\/v2\/pages\/27110","targetHints":{"allow":["GET"]}}],"collection":[{"href":"https:\/\/montech.com\/ch\/de\/wp-json\/wp\/v2\/pages"}],"about":[{"href":"https:\/\/montech.com\/ch\/de\/wp-json\/wp\/v2\/types\/page"}],"author":[{"embeddable":true,"href":"https:\/\/montech.com\/ch\/de\/wp-json\/wp\/v2\/users\/15"}],"replies":[{"embeddable":true,"href":"https:\/\/montech.com\/ch\/de\/wp-json\/wp\/v2\/comments?post=27110"}],"version-history":[{"count":9,"href":"https:\/\/montech.com\/ch\/de\/wp-json\/wp\/v2\/pages\/27110\/revisions"}],"predecessor-version":[{"id":27327,"href":"https:\/\/montech.com\/ch\/de\/wp-json\/wp\/v2\/pages\/27110\/revisions\/27327"}],"up":[{"embeddable":true,"href":"https:\/\/montech.com\/ch\/de\/wp-json\/wp\/v2\/pages\/26816"}],"wp:attachment":[{"href":"https:\/\/montech.com\/ch\/de\/wp-json\/wp\/v2\/media?parent=27110"}],"curies":[{"name":"wp","href":"https:\/\/api.w.org\/{rel}","templated":true}]}}