{"id":27192,"date":"2025-07-31T12:24:13","date_gmt":"2025-07-31T10:24:13","guid":{"rendered":"https:\/\/montech.com\/ch\/?page_id=27192"},"modified":"2026-03-04T08:20:03","modified_gmt":"2026-03-04T07:20:03","slug":"60-jahre-montech-ein-blick-zurueck-und-in-die-zukunft","status":"publish","type":"page","link":"https:\/\/montech.com\/ch\/de\/blog\/60-jahre-montech-ein-blick-zurueck-und-in-die-zukunft\/","title":{"rendered":"60 Jahre Montech: Ein Blick zur\u00fcck &#8211; und in die Zukunft"},"content":{"rendered":"","protected":false},"excerpt":{"rendered":"","protected":false},"author":15,"featured_media":0,"parent":26816,"menu_order":0,"comment_status":"closed","ping_status":"closed","template":"views\/products.blade.php","meta":{"_acf_changed":false},"class_list":["post-27192","page","type-page","status-publish","hentry"],"acf":{"disable_search_index":false,"page_title":"60 Jahre Montech: Ein Blick zur\u00fcck \u2013 und in die Zukunft","og_title":"60 Jahre Montech: Ein Blick zur\u00fcck \u2013 und in die Zukunft","og_image":"","og_text":"Montech feiert 60 Jahre Unternehmensgeschichte \u2013 gepr\u00e4gt von Innovation, Pr\u00e4zision und Wandel. Erfahren Sie, wie sich Montech vom Anlagenbauer zum f\u00fchrenden Anbieter f\u00fcr F\u00f6rderb\u00e4nder und Aluprofil Systeme entwickelt hat und welche Rolle Innovationen heute spielen.","og_keywords":""},"_links":{"self":[{"href":"https:\/\/montech.com\/ch\/de\/wp-json\/wp\/v2\/pages\/27192","targetHints":{"allow":["GET"]}}],"collection":[{"href":"https:\/\/montech.com\/ch\/de\/wp-json\/wp\/v2\/pages"}],"about":[{"href":"https:\/\/montech.com\/ch\/de\/wp-json\/wp\/v2\/types\/page"}],"author":[{"embeddable":true,"href":"https:\/\/montech.com\/ch\/de\/wp-json\/wp\/v2\/users\/15"}],"replies":[{"embeddable":true,"href":"https:\/\/montech.com\/ch\/de\/wp-json\/wp\/v2\/comments?post=27192"}],"version-history":[{"count":7,"href":"https:\/\/montech.com\/ch\/de\/wp-json\/wp\/v2\/pages\/27192\/revisions"}],"predecessor-version":[{"id":28972,"href":"https:\/\/montech.com\/ch\/de\/wp-json\/wp\/v2\/pages\/27192\/revisions\/28972"}],"up":[{"embeddable":true,"href":"https:\/\/montech.com\/ch\/de\/wp-json\/wp\/v2\/pages\/26816"}],"wp:attachment":[{"href":"https:\/\/montech.com\/ch\/de\/wp-json\/wp\/v2\/media?parent=27192"}],"curies":[{"name":"wp","href":"https:\/\/api.w.org\/{rel}","templated":true}]}}