{"id":27203,"date":"2025-07-31T12:42:26","date_gmt":"2025-07-31T10:42:26","guid":{"rendered":"https:\/\/montech.com\/ch\/?page_id=27203"},"modified":"2026-03-04T08:21:35","modified_gmt":"2026-03-04T07:21:35","slug":"jahresrueckblick-2024-unsere-meilensteine-und-innovationen","status":"publish","type":"page","link":"https:\/\/montech.com\/ch\/de\/blog\/jahresrueckblick-2024-unsere-meilensteine-und-innovationen\/","title":{"rendered":"Jahresr\u00fcckblick 2024: Unsere Meilensteine und Innovationen"},"content":{"rendered":"","protected":false},"excerpt":{"rendered":"","protected":false},"author":15,"featured_media":0,"parent":26816,"menu_order":0,"comment_status":"closed","ping_status":"closed","template":"views\/products.blade.php","meta":{"_acf_changed":false},"class_list":["post-27203","page","type-page","status-publish","hentry"],"acf":{"disable_search_index":false,"page_title":"Jahresr\u00fcckblick 2024: Unsere Meilensteine und Innovationen","og_title":"Jahresr\u00fcckblick 2024: Unsere Meilensteine und Innovationen","og_image":"","og_text":"2024 war f\u00fcr Montech gepr\u00e4gt von neuen SOLTB-F\u00f6rderbandl\u00f6sungen f\u00fcr die Brennstoffzellenproduktion, kommenden Reinraumf\u00f6rderb\u00e4ndern im Konfigurator und ma\u00dfgeschneiderten L\u00f6sungen f\u00fcr die Flughafenlogistik \u2013 ein Jahr voller Fortschritt und Innovation.","og_keywords":""},"_links":{"self":[{"href":"https:\/\/montech.com\/ch\/de\/wp-json\/wp\/v2\/pages\/27203","targetHints":{"allow":["GET"]}}],"collection":[{"href":"https:\/\/montech.com\/ch\/de\/wp-json\/wp\/v2\/pages"}],"about":[{"href":"https:\/\/montech.com\/ch\/de\/wp-json\/wp\/v2\/types\/page"}],"author":[{"embeddable":true,"href":"https:\/\/montech.com\/ch\/de\/wp-json\/wp\/v2\/users\/15"}],"replies":[{"embeddable":true,"href":"https:\/\/montech.com\/ch\/de\/wp-json\/wp\/v2\/comments?post=27203"}],"version-history":[{"count":8,"href":"https:\/\/montech.com\/ch\/de\/wp-json\/wp\/v2\/pages\/27203\/revisions"}],"predecessor-version":[{"id":28973,"href":"https:\/\/montech.com\/ch\/de\/wp-json\/wp\/v2\/pages\/27203\/revisions\/28973"}],"up":[{"embeddable":true,"href":"https:\/\/montech.com\/ch\/de\/wp-json\/wp\/v2\/pages\/26816"}],"wp:attachment":[{"href":"https:\/\/montech.com\/ch\/de\/wp-json\/wp\/v2\/media?parent=27203"}],"curies":[{"name":"wp","href":"https:\/\/api.w.org\/{rel}","templated":true}]}}