{"id":27231,"date":"2025-08-01T09:55:18","date_gmt":"2025-08-01T07:55:18","guid":{"rendered":"https:\/\/montech.com\/ch\/?page_id=27231"},"modified":"2025-12-17T12:16:39","modified_gmt":"2025-12-17T11:16:39","slug":"8-fragen-fuer-die-richtige-foerdergurtwahl","status":"publish","type":"page","link":"https:\/\/montech.com\/ch\/de\/blog\/8-fragen-fuer-die-richtige-foerdergurtwahl\/","title":{"rendered":"8 Fragen f\u00fcr die richtige F\u00f6rdergurtwahl"},"content":{"rendered":"","protected":false},"excerpt":{"rendered":"","protected":false},"author":15,"featured_media":0,"parent":26816,"menu_order":0,"comment_status":"closed","ping_status":"closed","template":"views\/products.blade.php","meta":{"_acf_changed":false},"class_list":["post-27231","page","type-page","status-publish","hentry"],"acf":{"disable_search_index":false,"page_title":"8 Fragen f\u00fcr die richtige F\u00f6rdergurtwahl | F\u00f6rdertechnik | Montech","og_title":"8 Fragen f\u00fcr die richtige F\u00f6rdergurtwahl | F\u00f6rdertechnik | Montech","og_image":"","og_text":"Der richtige F\u00f6rdergurt ist entscheidend f\u00fcr Effizienz und Zuverl\u00e4ssigkeit. Diese 8 Fragen helfen Ihnen, den passenden F\u00f6rdergurt f\u00fcr Ihre Anwendung zu w\u00e4hlen.","og_keywords":""},"_links":{"self":[{"href":"https:\/\/montech.com\/ch\/de\/wp-json\/wp\/v2\/pages\/27231","targetHints":{"allow":["GET"]}}],"collection":[{"href":"https:\/\/montech.com\/ch\/de\/wp-json\/wp\/v2\/pages"}],"about":[{"href":"https:\/\/montech.com\/ch\/de\/wp-json\/wp\/v2\/types\/page"}],"author":[{"embeddable":true,"href":"https:\/\/montech.com\/ch\/de\/wp-json\/wp\/v2\/users\/15"}],"replies":[{"embeddable":true,"href":"https:\/\/montech.com\/ch\/de\/wp-json\/wp\/v2\/comments?post=27231"}],"version-history":[{"count":6,"href":"https:\/\/montech.com\/ch\/de\/wp-json\/wp\/v2\/pages\/27231\/revisions"}],"predecessor-version":[{"id":28377,"href":"https:\/\/montech.com\/ch\/de\/wp-json\/wp\/v2\/pages\/27231\/revisions\/28377"}],"up":[{"embeddable":true,"href":"https:\/\/montech.com\/ch\/de\/wp-json\/wp\/v2\/pages\/26816"}],"wp:attachment":[{"href":"https:\/\/montech.com\/ch\/de\/wp-json\/wp\/v2\/media?parent=27231"}],"curies":[{"name":"wp","href":"https:\/\/api.w.org\/{rel}","templated":true}]}}