{"id":27234,"date":"2025-08-01T09:58:46","date_gmt":"2025-08-01T07:58:46","guid":{"rendered":"https:\/\/montech.com\/ch\/?page_id=27234"},"modified":"2025-12-18T20:13:34","modified_gmt":"2025-12-18T19:13:34","slug":"massgeschneiderte-sonderanlagen-mit-standardloesungen","status":"publish","type":"page","link":"https:\/\/montech.com\/ch\/de\/blog\/massgeschneiderte-sonderanlagen-mit-standardloesungen\/","title":{"rendered":"Ma\u00dfgeschneiderte Sonderanlagen mit Standardl\u00f6sungen"},"content":{"rendered":"","protected":false},"excerpt":{"rendered":"","protected":false},"author":15,"featured_media":0,"parent":26816,"menu_order":0,"comment_status":"closed","ping_status":"closed","template":"views\/products.blade.php","meta":{"_acf_changed":false},"class_list":["post-27234","page","type-page","status-publish","hentry"],"acf":{"disable_search_index":false,"page_title":"Ma\u00dfgeschneiderte Sonderanlagen mit Standardl\u00f6sungen | Montech AG","og_title":"Ma\u00dfgeschneiderte Sonderanlagen mit Standardl\u00f6sungen | Montech AG","og_image":"","og_text":"Erfahren Sie, wie Montech mit modularen Standardkomponenten ma\u00dfgeschneiderte Sonderanlagen realisiert \u2013 flexibel, wirtschaftlich und perfekt abgestimmt auf individuelle Produktionsanforderungen.","og_keywords":""},"_links":{"self":[{"href":"https:\/\/montech.com\/ch\/de\/wp-json\/wp\/v2\/pages\/27234","targetHints":{"allow":["GET"]}}],"collection":[{"href":"https:\/\/montech.com\/ch\/de\/wp-json\/wp\/v2\/pages"}],"about":[{"href":"https:\/\/montech.com\/ch\/de\/wp-json\/wp\/v2\/types\/page"}],"author":[{"embeddable":true,"href":"https:\/\/montech.com\/ch\/de\/wp-json\/wp\/v2\/users\/15"}],"replies":[{"embeddable":true,"href":"https:\/\/montech.com\/ch\/de\/wp-json\/wp\/v2\/comments?post=27234"}],"version-history":[{"count":6,"href":"https:\/\/montech.com\/ch\/de\/wp-json\/wp\/v2\/pages\/27234\/revisions"}],"predecessor-version":[{"id":28416,"href":"https:\/\/montech.com\/ch\/de\/wp-json\/wp\/v2\/pages\/27234\/revisions\/28416"}],"up":[{"embeddable":true,"href":"https:\/\/montech.com\/ch\/de\/wp-json\/wp\/v2\/pages\/26816"}],"wp:attachment":[{"href":"https:\/\/montech.com\/ch\/de\/wp-json\/wp\/v2\/media?parent=27234"}],"curies":[{"name":"wp","href":"https:\/\/api.w.org\/{rel}","templated":true}]}}