{"id":27275,"date":"2025-08-06T14:46:55","date_gmt":"2025-08-06T12:46:55","guid":{"rendered":"https:\/\/montech.com\/ch\/?page_id=27275"},"modified":"2026-03-04T08:22:25","modified_gmt":"2026-03-04T07:22:25","slug":"effizientes-x-ray-screening-mit-innovativen-loesungen","status":"publish","type":"page","link":"https:\/\/montech.com\/ch\/de\/blog\/effizientes-x-ray-screening-mit-innovativen-loesungen\/","title":{"rendered":"Effizientes X-Ray-Screening mit innovativen L\u00f6sungen"},"content":{"rendered":"","protected":false},"excerpt":{"rendered":"","protected":false},"author":15,"featured_media":0,"parent":26816,"menu_order":0,"comment_status":"closed","ping_status":"closed","template":"views\/products.blade.php","meta":{"_acf_changed":false},"class_list":["post-27275","page","type-page","status-publish","hentry"],"acf":{"disable_search_index":false,"page_title":"Effizientes X-Ray-Screening am Flughafen | F\u00f6rdertechnik f\u00fcr Sicherheit | Montech","og_title":"Effizientes X-Ray-Screening am Flughafen | F\u00f6rdertechnik f\u00fcr Sicherheit | Montech","og_image":"","og_text":"Erfahren Sie, wie Montech mit dem F\u00f6rderband TB40 und der Rollenbahn RB40 effiziente, sichere und platzsparende L\u00f6sungen f\u00fcr das X-Ray-Screening von Handgep\u00e4ck bietet.","og_keywords":""},"_links":{"self":[{"href":"https:\/\/montech.com\/ch\/de\/wp-json\/wp\/v2\/pages\/27275","targetHints":{"allow":["GET"]}}],"collection":[{"href":"https:\/\/montech.com\/ch\/de\/wp-json\/wp\/v2\/pages"}],"about":[{"href":"https:\/\/montech.com\/ch\/de\/wp-json\/wp\/v2\/types\/page"}],"author":[{"embeddable":true,"href":"https:\/\/montech.com\/ch\/de\/wp-json\/wp\/v2\/users\/15"}],"replies":[{"embeddable":true,"href":"https:\/\/montech.com\/ch\/de\/wp-json\/wp\/v2\/comments?post=27275"}],"version-history":[{"count":3,"href":"https:\/\/montech.com\/ch\/de\/wp-json\/wp\/v2\/pages\/27275\/revisions"}],"predecessor-version":[{"id":28974,"href":"https:\/\/montech.com\/ch\/de\/wp-json\/wp\/v2\/pages\/27275\/revisions\/28974"}],"up":[{"embeddable":true,"href":"https:\/\/montech.com\/ch\/de\/wp-json\/wp\/v2\/pages\/26816"}],"wp:attachment":[{"href":"https:\/\/montech.com\/ch\/de\/wp-json\/wp\/v2\/media?parent=27275"}],"curies":[{"name":"wp","href":"https:\/\/api.w.org\/{rel}","templated":true}]}}