{"id":27283,"date":"2025-08-06T15:00:45","date_gmt":"2025-08-06T13:00:45","guid":{"rendered":"https:\/\/montech.com\/ch\/?page_id=27283"},"modified":"2026-01-07T14:19:13","modified_gmt":"2026-01-07T13:19:13","slug":"ein-lehrprojekt-mit-grosser-wirkung","status":"publish","type":"page","link":"https:\/\/montech.com\/ch\/de\/blog\/ein-lehrprojekt-mit-grosser-wirkung\/","title":{"rendered":"Ein Lehrprojekt mit gro\u00dfer Wirkung"},"content":{"rendered":"","protected":false},"excerpt":{"rendered":"","protected":false},"author":15,"featured_media":0,"parent":26816,"menu_order":0,"comment_status":"closed","ping_status":"closed","template":"views\/products.blade.php","meta":{"_acf_changed":false},"class_list":["post-27283","page","type-page","status-publish","hentry"],"acf":{"disable_search_index":false,"page_title":"Ein Lehrprojekt mit gro\u00dfer Wirkung | Montech","og_title":"Ein Lehrprojekt mit gro\u00dfer Wirkung | Montech","og_image":"","og_text":"Sieben Lernende haben bei Montech eigenst\u00e4ndig eine komplette LTE-Demoanlage f\u00fcr den Showroom geplant, konstruiert und montiert \u2013 ein Ausbildungsprojekt, das Theorie und Praxis verbindet und die Innovationskraft sowie den Teamgeist bei Montech zeigt.","og_keywords":""},"_links":{"self":[{"href":"https:\/\/montech.com\/ch\/de\/wp-json\/wp\/v2\/pages\/27283","targetHints":{"allow":["GET"]}}],"collection":[{"href":"https:\/\/montech.com\/ch\/de\/wp-json\/wp\/v2\/pages"}],"about":[{"href":"https:\/\/montech.com\/ch\/de\/wp-json\/wp\/v2\/types\/page"}],"author":[{"embeddable":true,"href":"https:\/\/montech.com\/ch\/de\/wp-json\/wp\/v2\/users\/15"}],"replies":[{"embeddable":true,"href":"https:\/\/montech.com\/ch\/de\/wp-json\/wp\/v2\/comments?post=27283"}],"version-history":[{"count":2,"href":"https:\/\/montech.com\/ch\/de\/wp-json\/wp\/v2\/pages\/27283\/revisions"}],"predecessor-version":[{"id":28482,"href":"https:\/\/montech.com\/ch\/de\/wp-json\/wp\/v2\/pages\/27283\/revisions\/28482"}],"up":[{"embeddable":true,"href":"https:\/\/montech.com\/ch\/de\/wp-json\/wp\/v2\/pages\/26816"}],"wp:attachment":[{"href":"https:\/\/montech.com\/ch\/de\/wp-json\/wp\/v2\/media?parent=27283"}],"curies":[{"name":"wp","href":"https:\/\/api.w.org\/{rel}","templated":true}]}}