{"id":27353,"date":"2025-08-07T13:54:33","date_gmt":"2025-08-07T11:54:33","guid":{"rendered":"https:\/\/montech.com\/ch\/?page_id=27353"},"modified":"2025-12-18T11:14:07","modified_gmt":"2025-12-18T10:14:07","slug":"foerdertechnik-fuer-brennstoffzellen","status":"publish","type":"page","link":"https:\/\/montech.com\/ch\/de\/blog\/foerdertechnik-fuer-brennstoffzellen\/","title":{"rendered":"F\u00f6rdertechnik f\u00fcr Brennstoffzellen"},"content":{"rendered":"","protected":false},"excerpt":{"rendered":"","protected":false},"author":15,"featured_media":0,"parent":26816,"menu_order":0,"comment_status":"closed","ping_status":"closed","template":"views\/products.blade.php","meta":{"_acf_changed":false},"class_list":["post-27353","page","type-page","status-publish","hentry"],"acf":{"disable_search_index":false,"page_title":"F\u00f6rdertechnik f\u00fcr Brennstoffzellen | Effiziente L\u00f6sungen f\u00fcr die Produktion | Montech","og_title":"F\u00f6rdertechnik f\u00fcr Brennstoffzellen | Effiziente L\u00f6sungen f\u00fcr die Produktion | Montech","og_image":"","og_text":"Erfahren Sie, warum F\u00f6rdertechnik f\u00fcr die effiziente und sichere Produktion von Brennstoffzellen unverzichtbar ist \u2013 von modularen F\u00f6rderb\u00e4ndern bis zu Vakuuml\u00f6sungen.","og_keywords":""},"_links":{"self":[{"href":"https:\/\/montech.com\/ch\/de\/wp-json\/wp\/v2\/pages\/27353","targetHints":{"allow":["GET"]}}],"collection":[{"href":"https:\/\/montech.com\/ch\/de\/wp-json\/wp\/v2\/pages"}],"about":[{"href":"https:\/\/montech.com\/ch\/de\/wp-json\/wp\/v2\/types\/page"}],"author":[{"embeddable":true,"href":"https:\/\/montech.com\/ch\/de\/wp-json\/wp\/v2\/users\/15"}],"replies":[{"embeddable":true,"href":"https:\/\/montech.com\/ch\/de\/wp-json\/wp\/v2\/comments?post=27353"}],"version-history":[{"count":3,"href":"https:\/\/montech.com\/ch\/de\/wp-json\/wp\/v2\/pages\/27353\/revisions"}],"predecessor-version":[{"id":28404,"href":"https:\/\/montech.com\/ch\/de\/wp-json\/wp\/v2\/pages\/27353\/revisions\/28404"}],"up":[{"embeddable":true,"href":"https:\/\/montech.com\/ch\/de\/wp-json\/wp\/v2\/pages\/26816"}],"wp:attachment":[{"href":"https:\/\/montech.com\/ch\/de\/wp-json\/wp\/v2\/media?parent=27353"}],"curies":[{"name":"wp","href":"https:\/\/api.w.org\/{rel}","templated":true}]}}