{"id":27360,"date":"2025-08-07T14:36:48","date_gmt":"2025-08-07T12:36:48","guid":{"rendered":"https:\/\/montech.com\/ch\/?page_id=27360"},"modified":"2026-03-04T11:33:55","modified_gmt":"2026-03-04T10:33:55","slug":"die-bedeutung-der-standardisierung-in-der-foerdertechnik","status":"publish","type":"page","link":"https:\/\/montech.com\/ch\/de\/blog\/die-bedeutung-der-standardisierung-in-der-foerdertechnik\/","title":{"rendered":"Die Bedeutung der Standardisierung in der F\u00f6rdertechnik"},"content":{"rendered":"","protected":false},"excerpt":{"rendered":"","protected":false},"author":15,"featured_media":0,"parent":26816,"menu_order":0,"comment_status":"closed","ping_status":"closed","template":"views\/products.blade.php","meta":{"_acf_changed":false},"class_list":["post-27360","page","type-page","status-publish","hentry"],"acf":{"disable_search_index":false,"page_title":"Die Bedeutung der Standardisierung in der F\u00f6rdertechnik | Montech","og_title":"Die Bedeutung der Standardisierung in der F\u00f6rdertechnik | Montech","og_image":"","og_text":"Standardisierung in der F\u00f6rdertechnik senkt Kosten, verk\u00fcrzt Lieferzeiten, erh\u00f6ht Flexibilit\u00e4t und verbessert Qualit\u00e4t in modernen Produktionsprozessen.","og_keywords":""},"_links":{"self":[{"href":"https:\/\/montech.com\/ch\/de\/wp-json\/wp\/v2\/pages\/27360","targetHints":{"allow":["GET"]}}],"collection":[{"href":"https:\/\/montech.com\/ch\/de\/wp-json\/wp\/v2\/pages"}],"about":[{"href":"https:\/\/montech.com\/ch\/de\/wp-json\/wp\/v2\/types\/page"}],"author":[{"embeddable":true,"href":"https:\/\/montech.com\/ch\/de\/wp-json\/wp\/v2\/users\/15"}],"replies":[{"embeddable":true,"href":"https:\/\/montech.com\/ch\/de\/wp-json\/wp\/v2\/comments?post=27360"}],"version-history":[{"count":3,"href":"https:\/\/montech.com\/ch\/de\/wp-json\/wp\/v2\/pages\/27360\/revisions"}],"predecessor-version":[{"id":28984,"href":"https:\/\/montech.com\/ch\/de\/wp-json\/wp\/v2\/pages\/27360\/revisions\/28984"}],"up":[{"embeddable":true,"href":"https:\/\/montech.com\/ch\/de\/wp-json\/wp\/v2\/pages\/26816"}],"wp:attachment":[{"href":"https:\/\/montech.com\/ch\/de\/wp-json\/wp\/v2\/media?parent=27360"}],"curies":[{"name":"wp","href":"https:\/\/api.w.org\/{rel}","templated":true}]}}