{"id":27363,"date":"2025-08-07T14:41:11","date_gmt":"2025-08-07T12:41:11","guid":{"rendered":"https:\/\/montech.com\/ch\/?page_id=27363"},"modified":"2026-03-04T11:35:48","modified_gmt":"2026-03-04T10:35:48","slug":"produktionsprozesse-im-reinraum","status":"publish","type":"page","link":"https:\/\/montech.com\/ch\/de\/blog\/produktionsprozesse-im-reinraum\/","title":{"rendered":"Produktionsprozesse im Reinraum"},"content":{"rendered":"","protected":false},"excerpt":{"rendered":"","protected":false},"author":15,"featured_media":0,"parent":26816,"menu_order":0,"comment_status":"closed","ping_status":"closed","template":"views\/products.blade.php","meta":{"_acf_changed":false},"class_list":["post-27363","page","type-page","status-publish","hentry"],"acf":{"disable_search_index":false,"page_title":"Produktionsprozesse im Reinraum | Montech","og_title":"Produktionsprozesse im Reinraum | Montech","og_image":"","og_text":"Reinr\u00e4ume und zertifizierte F\u00f6rderb\u00e4nder verhindern Kontaminationen in sensiblen Produktionsprozessen. Erfahren Sie mehr \u00fcber Reinraum-F\u00f6rdertechnik von Montech.","og_keywords":""},"_links":{"self":[{"href":"https:\/\/montech.com\/ch\/de\/wp-json\/wp\/v2\/pages\/27363","targetHints":{"allow":["GET"]}}],"collection":[{"href":"https:\/\/montech.com\/ch\/de\/wp-json\/wp\/v2\/pages"}],"about":[{"href":"https:\/\/montech.com\/ch\/de\/wp-json\/wp\/v2\/types\/page"}],"author":[{"embeddable":true,"href":"https:\/\/montech.com\/ch\/de\/wp-json\/wp\/v2\/users\/15"}],"replies":[{"embeddable":true,"href":"https:\/\/montech.com\/ch\/de\/wp-json\/wp\/v2\/comments?post=27363"}],"version-history":[{"count":4,"href":"https:\/\/montech.com\/ch\/de\/wp-json\/wp\/v2\/pages\/27363\/revisions"}],"predecessor-version":[{"id":28985,"href":"https:\/\/montech.com\/ch\/de\/wp-json\/wp\/v2\/pages\/27363\/revisions\/28985"}],"up":[{"embeddable":true,"href":"https:\/\/montech.com\/ch\/de\/wp-json\/wp\/v2\/pages\/26816"}],"wp:attachment":[{"href":"https:\/\/montech.com\/ch\/de\/wp-json\/wp\/v2\/media?parent=27363"}],"curies":[{"name":"wp","href":"https:\/\/api.w.org\/{rel}","templated":true}]}}