{"id":27366,"date":"2025-08-07T14:45:16","date_gmt":"2025-08-07T12:45:16","guid":{"rendered":"https:\/\/montech.com\/ch\/?page_id=27366"},"modified":"2026-03-04T11:38:05","modified_gmt":"2026-03-04T10:38:05","slug":"im-gespraech-mit-dem-neuen-cso-ueber-montechs-zukunft","status":"publish","type":"page","link":"https:\/\/montech.com\/ch\/de\/blog\/im-gespraech-mit-dem-neuen-cso-ueber-montechs-zukunft\/","title":{"rendered":"Im Gespr\u00e4ch mit dem neuen CSO \u00fcber Montechs Zukunft"},"content":{"rendered":"","protected":false},"excerpt":{"rendered":"","protected":false},"author":15,"featured_media":0,"parent":26816,"menu_order":0,"comment_status":"closed","ping_status":"closed","template":"views\/products.blade.php","meta":{"_acf_changed":false},"class_list":["post-27366","page","type-page","status-publish","hentry"],"acf":{"disable_search_index":false,"page_title":" Im Gespr\u00e4ch mit dem neuen CSO \u00fcber Montechs Zukunft","og_title":" Im Gespr\u00e4ch mit dem neuen CSO \u00fcber Montechs Zukunft","og_image":"","og_text":"","og_keywords":""},"_links":{"self":[{"href":"https:\/\/montech.com\/ch\/de\/wp-json\/wp\/v2\/pages\/27366","targetHints":{"allow":["GET"]}}],"collection":[{"href":"https:\/\/montech.com\/ch\/de\/wp-json\/wp\/v2\/pages"}],"about":[{"href":"https:\/\/montech.com\/ch\/de\/wp-json\/wp\/v2\/types\/page"}],"author":[{"embeddable":true,"href":"https:\/\/montech.com\/ch\/de\/wp-json\/wp\/v2\/users\/15"}],"replies":[{"embeddable":true,"href":"https:\/\/montech.com\/ch\/de\/wp-json\/wp\/v2\/comments?post=27366"}],"version-history":[{"count":4,"href":"https:\/\/montech.com\/ch\/de\/wp-json\/wp\/v2\/pages\/27366\/revisions"}],"predecessor-version":[{"id":28987,"href":"https:\/\/montech.com\/ch\/de\/wp-json\/wp\/v2\/pages\/27366\/revisions\/28987"}],"up":[{"embeddable":true,"href":"https:\/\/montech.com\/ch\/de\/wp-json\/wp\/v2\/pages\/26816"}],"wp:attachment":[{"href":"https:\/\/montech.com\/ch\/de\/wp-json\/wp\/v2\/media?parent=27366"}],"curies":[{"name":"wp","href":"https:\/\/api.w.org\/{rel}","templated":true}]}}