{"id":27373,"date":"2025-08-07T15:02:07","date_gmt":"2025-08-07T13:02:07","guid":{"rendered":"https:\/\/montech.com\/ch\/?page_id=27373"},"modified":"2026-01-07T14:19:44","modified_gmt":"2026-01-07T13:19:44","slug":"das-war-unser-2023","status":"publish","type":"page","link":"https:\/\/montech.com\/ch\/de\/blog\/das-war-unser-2023\/","title":{"rendered":"Das war unser 2023"},"content":{"rendered":"","protected":false},"excerpt":{"rendered":"","protected":false},"author":15,"featured_media":0,"parent":26816,"menu_order":0,"comment_status":"closed","ping_status":"closed","template":"views\/products.blade.php","meta":{"_acf_changed":false},"class_list":["post-27373","page","type-page","status-publish","hentry"],"acf":{"disable_search_index":false,"page_title":"60 Jahre Montech | Interview mit CEO Daniel Pauli","og_title":"60 Jahre Montech | Interview mit CEO Daniel Pauli","og_image":"","og_text":"Montech feiert 60 Jahre Unternehmensgeschichte: CEO Daniel Pauli spricht \u00fcber Meilensteine, Werte, \u00fcberstandene Krisen, neue Produktinnovationen und seine Vision f\u00fcr die Zukunft des Unternehmens.","og_keywords":""},"_links":{"self":[{"href":"https:\/\/montech.com\/ch\/de\/wp-json\/wp\/v2\/pages\/27373","targetHints":{"allow":["GET"]}}],"collection":[{"href":"https:\/\/montech.com\/ch\/de\/wp-json\/wp\/v2\/pages"}],"about":[{"href":"https:\/\/montech.com\/ch\/de\/wp-json\/wp\/v2\/types\/page"}],"author":[{"embeddable":true,"href":"https:\/\/montech.com\/ch\/de\/wp-json\/wp\/v2\/users\/15"}],"replies":[{"embeddable":true,"href":"https:\/\/montech.com\/ch\/de\/wp-json\/wp\/v2\/comments?post=27373"}],"version-history":[{"count":2,"href":"https:\/\/montech.com\/ch\/de\/wp-json\/wp\/v2\/pages\/27373\/revisions"}],"predecessor-version":[{"id":28483,"href":"https:\/\/montech.com\/ch\/de\/wp-json\/wp\/v2\/pages\/27373\/revisions\/28483"}],"up":[{"embeddable":true,"href":"https:\/\/montech.com\/ch\/de\/wp-json\/wp\/v2\/pages\/26816"}],"wp:attachment":[{"href":"https:\/\/montech.com\/ch\/de\/wp-json\/wp\/v2\/media?parent=27373"}],"curies":[{"name":"wp","href":"https:\/\/api.w.org\/{rel}","templated":true}]}}