{"id":27681,"date":"2025-09-30T09:00:49","date_gmt":"2025-09-30T07:00:49","guid":{"rendered":"https:\/\/montech.com\/ch\/?page_id=27681"},"modified":"2026-01-22T10:33:18","modified_gmt":"2026-01-22T09:33:18","slug":"warum-foerdertechnik-in-der-medizintechnik-unverzichtbar-ist","status":"publish","type":"page","link":"https:\/\/montech.com\/ch\/de\/blog\/warum-foerdertechnik-in-der-medizintechnik-unverzichtbar-ist\/","title":{"rendered":"Warum F\u00f6rdertechnik in der Medizintechnik unverzichtbar ist"},"content":{"rendered":"","protected":false},"excerpt":{"rendered":"","protected":false},"author":15,"featured_media":0,"parent":26816,"menu_order":0,"comment_status":"closed","ping_status":"closed","template":"views\/products.blade.php","meta":{"_acf_changed":false},"class_list":["post-27681","page","type-page","status-publish","hentry"],"acf":{"disable_search_index":false,"page_title":"Warum F\u00f6rdertechnik in der Medizintechnik unverzichtbar ist","og_title":"Warum F\u00f6rdertechnik in der Medizintechnik unverzichtbar ist","og_image":27682,"og_text":"F\u00f6rdertechnik in der Medizintechnik: sichere, hygienische und flexible L\u00f6sungen f\u00fcr Spritzen, Implantate und sensible Produktionsprozesse.","og_keywords":""},"_links":{"self":[{"href":"https:\/\/montech.com\/ch\/de\/wp-json\/wp\/v2\/pages\/27681","targetHints":{"allow":["GET"]}}],"collection":[{"href":"https:\/\/montech.com\/ch\/de\/wp-json\/wp\/v2\/pages"}],"about":[{"href":"https:\/\/montech.com\/ch\/de\/wp-json\/wp\/v2\/types\/page"}],"author":[{"embeddable":true,"href":"https:\/\/montech.com\/ch\/de\/wp-json\/wp\/v2\/users\/15"}],"replies":[{"embeddable":true,"href":"https:\/\/montech.com\/ch\/de\/wp-json\/wp\/v2\/comments?post=27681"}],"version-history":[{"count":7,"href":"https:\/\/montech.com\/ch\/de\/wp-json\/wp\/v2\/pages\/27681\/revisions"}],"predecessor-version":[{"id":28715,"href":"https:\/\/montech.com\/ch\/de\/wp-json\/wp\/v2\/pages\/27681\/revisions\/28715"}],"up":[{"embeddable":true,"href":"https:\/\/montech.com\/ch\/de\/wp-json\/wp\/v2\/pages\/26816"}],"wp:attachment":[{"href":"https:\/\/montech.com\/ch\/de\/wp-json\/wp\/v2\/media?parent=27681"}],"curies":[{"name":"wp","href":"https:\/\/api.w.org\/{rel}","templated":true}]}}