{"id":27725,"date":"2025-10-07T10:53:01","date_gmt":"2025-10-07T08:53:01","guid":{"rendered":"https:\/\/montech.com\/ch\/?page_id=27725"},"modified":"2026-03-04T08:19:17","modified_gmt":"2026-03-04T07:19:17","slug":"die-schluesselrolle-der-rollenelemente-in-der-foerdertechnik","status":"publish","type":"page","link":"https:\/\/montech.com\/ch\/de\/blog\/die-schluesselrolle-der-rollenelemente-in-der-foerdertechnik\/","title":{"rendered":"Die Schl\u00fcsselrolle der Rollenelemente in der F\u00f6rdertechnik"},"content":{"rendered":"","protected":false},"excerpt":{"rendered":"","protected":false},"author":15,"featured_media":0,"parent":26816,"menu_order":0,"comment_status":"closed","ping_status":"closed","template":"views\/products.blade.php","meta":{"_acf_changed":false},"class_list":["post-27725","page","type-page","status-publish","hentry"],"acf":{"disable_search_index":false,"page_title":"Rollenelemente in der F\u00f6rdertechnik: klein, aber entscheidend","og_title":"Rollenelemente in der F\u00f6rdertechnik: klein, aber entscheidend","og_image":"","og_text":"Warum Rollenelemente eine Schl\u00fcsselrolle in der F\u00f6rdertechnik spielen \u2013 von Effizienz und Wartung bis zu flexiblen Rollenbahnl\u00f6sungen mit MPS von Montech.","og_keywords":""},"_links":{"self":[{"href":"https:\/\/montech.com\/ch\/de\/wp-json\/wp\/v2\/pages\/27725","targetHints":{"allow":["GET"]}}],"collection":[{"href":"https:\/\/montech.com\/ch\/de\/wp-json\/wp\/v2\/pages"}],"about":[{"href":"https:\/\/montech.com\/ch\/de\/wp-json\/wp\/v2\/types\/page"}],"author":[{"embeddable":true,"href":"https:\/\/montech.com\/ch\/de\/wp-json\/wp\/v2\/users\/15"}],"replies":[{"embeddable":true,"href":"https:\/\/montech.com\/ch\/de\/wp-json\/wp\/v2\/comments?post=27725"}],"version-history":[{"count":5,"href":"https:\/\/montech.com\/ch\/de\/wp-json\/wp\/v2\/pages\/27725\/revisions"}],"predecessor-version":[{"id":28971,"href":"https:\/\/montech.com\/ch\/de\/wp-json\/wp\/v2\/pages\/27725\/revisions\/28971"}],"up":[{"embeddable":true,"href":"https:\/\/montech.com\/ch\/de\/wp-json\/wp\/v2\/pages\/26816"}],"wp:attachment":[{"href":"https:\/\/montech.com\/ch\/de\/wp-json\/wp\/v2\/media?parent=27725"}],"curies":[{"name":"wp","href":"https:\/\/api.w.org\/{rel}","templated":true}]}}