{"id":27744,"date":"2025-10-16T11:43:17","date_gmt":"2025-10-16T09:43:17","guid":{"rendered":"https:\/\/montech.com\/ch\/?page_id=27744"},"modified":"2026-01-22T10:31:34","modified_gmt":"2026-01-22T09:31:34","slug":"reinraum-foerderbaender-effizienz-hygiene-und-flexibilitaet-fuer-sensible-produktionsprozesse","status":"publish","type":"page","link":"https:\/\/montech.com\/ch\/de\/blog\/reinraum-foerderbaender-effizienz-hygiene-und-flexibilitaet-fuer-sensible-produktionsprozesse\/","title":{"rendered":"Reinraum-F\u00f6rderb\u00e4nder: Effizienz, Hygiene und Flexibilit\u00e4t f\u00fcr sensible Produktionsprozesse"},"content":{"rendered":"","protected":false},"excerpt":{"rendered":"","protected":false},"author":15,"featured_media":0,"parent":26816,"menu_order":0,"comment_status":"closed","ping_status":"closed","template":"views\/products.blade.php","meta":{"_acf_changed":false},"class_list":["post-27744","page","type-page","status-publish","hentry"],"acf":{"disable_search_index":false,"page_title":"Reinraum-F\u00f6rderb\u00e4nder: Hygiene und Effizienz","og_title":"Reinraum-F\u00f6rderb\u00e4nder: Hygiene und Effizienz","og_image":"","og_text":"Reinraum-F\u00f6rderb\u00e4nder von Montech: zertifizierte Hygiene, pr\u00e4ziser Transport und flexible Konfiguration f\u00fcr Pharma-, Medtech- und Halbleiterproduktion.","og_keywords":""},"_links":{"self":[{"href":"https:\/\/montech.com\/ch\/de\/wp-json\/wp\/v2\/pages\/27744","targetHints":{"allow":["GET"]}}],"collection":[{"href":"https:\/\/montech.com\/ch\/de\/wp-json\/wp\/v2\/pages"}],"about":[{"href":"https:\/\/montech.com\/ch\/de\/wp-json\/wp\/v2\/types\/page"}],"author":[{"embeddable":true,"href":"https:\/\/montech.com\/ch\/de\/wp-json\/wp\/v2\/users\/15"}],"replies":[{"embeddable":true,"href":"https:\/\/montech.com\/ch\/de\/wp-json\/wp\/v2\/comments?post=27744"}],"version-history":[{"count":11,"href":"https:\/\/montech.com\/ch\/de\/wp-json\/wp\/v2\/pages\/27744\/revisions"}],"predecessor-version":[{"id":28713,"href":"https:\/\/montech.com\/ch\/de\/wp-json\/wp\/v2\/pages\/27744\/revisions\/28713"}],"up":[{"embeddable":true,"href":"https:\/\/montech.com\/ch\/de\/wp-json\/wp\/v2\/pages\/26816"}],"wp:attachment":[{"href":"https:\/\/montech.com\/ch\/de\/wp-json\/wp\/v2\/media?parent=27744"}],"curies":[{"name":"wp","href":"https:\/\/api.w.org\/{rel}","templated":true}]}}