{"id":27902,"date":"2025-11-04T12:00:40","date_gmt":"2025-11-04T11:00:40","guid":{"rendered":"https:\/\/montech.com\/ch\/?page_id=27902"},"modified":"2026-01-26T12:58:12","modified_gmt":"2026-01-26T11:58:12","slug":"rollenbahn-rb4020-5025-einspurig","status":"publish","type":"page","link":"https:\/\/montech.com\/ch\/de\/rollenbahnen\/rollenbahn-rb4020-5025-einspurig\/","title":{"rendered":"Rollenbahn RB4020\/5025 einspurig"},"content":{"rendered":"","protected":false},"excerpt":{"rendered":"","protected":false},"author":15,"featured_media":0,"parent":27800,"menu_order":0,"comment_status":"closed","ping_status":"closed","template":"views\/product.blade.php","meta":{"_acf_changed":false},"class_list":["post-27902","page","type-page","status-publish","hentry"],"acf":{"disable_search_index":false,"page_title":"Rollenbahn einspurig \u2013 kompakt und flexibel","og_title":"Rollenbahn einspurig \u2013 kompakt und flexibel","og_image":27903,"og_text":"Einspurige Schwerkraftrollenbahn, millimetergenau konfigurierbar. Ideal f\u00fcr Kartons, Beh\u00e4lter und Werkst\u00fccktr\u00e4ger im effizienten Materialfluss.","og_keywords":""},"_links":{"self":[{"href":"https:\/\/montech.com\/ch\/de\/wp-json\/wp\/v2\/pages\/27902","targetHints":{"allow":["GET"]}}],"collection":[{"href":"https:\/\/montech.com\/ch\/de\/wp-json\/wp\/v2\/pages"}],"about":[{"href":"https:\/\/montech.com\/ch\/de\/wp-json\/wp\/v2\/types\/page"}],"author":[{"embeddable":true,"href":"https:\/\/montech.com\/ch\/de\/wp-json\/wp\/v2\/users\/15"}],"replies":[{"embeddable":true,"href":"https:\/\/montech.com\/ch\/de\/wp-json\/wp\/v2\/comments?post=27902"}],"version-history":[{"count":44,"href":"https:\/\/montech.com\/ch\/de\/wp-json\/wp\/v2\/pages\/27902\/revisions"}],"predecessor-version":[{"id":28614,"href":"https:\/\/montech.com\/ch\/de\/wp-json\/wp\/v2\/pages\/27902\/revisions\/28614"}],"up":[{"embeddable":true,"href":"https:\/\/montech.com\/ch\/de\/wp-json\/wp\/v2\/pages\/27800"}],"wp:attachment":[{"href":"https:\/\/montech.com\/ch\/de\/wp-json\/wp\/v2\/media?parent=27902"}],"curies":[{"name":"wp","href":"https:\/\/api.w.org\/{rel}","templated":true}]}}