{"id":27928,"date":"2025-11-04T13:45:18","date_gmt":"2025-11-04T12:45:18","guid":{"rendered":"https:\/\/montech.com\/ch\/?page_id=27928"},"modified":"2026-01-26T13:03:41","modified_gmt":"2026-01-26T12:03:41","slug":"rollenbahn-rb4020-5025-doppelspurig","status":"publish","type":"page","link":"https:\/\/montech.com\/ch\/de\/rollenbahnen\/rollenbahn-rb4020-5025-doppelspurig\/","title":{"rendered":"Rollenbahn RB4020\/5025 doppelspurig"},"content":{"rendered":"","protected":false},"excerpt":{"rendered":"","protected":false},"author":15,"featured_media":0,"parent":27800,"menu_order":0,"comment_status":"closed","ping_status":"closed","template":"views\/product.blade.php","meta":{"_acf_changed":false},"class_list":["post-27928","page","type-page","status-publish","hentry"],"acf":{"disable_search_index":false,"page_title":"Rollenbahn doppelspurig \u2013 hohe Tragkraft","og_title":"Rollenbahn doppelspurig \u2013 hohe Tragkraft","og_image":27929,"og_text":"Doppelspurige Rollenbahn f\u00fcr schwere und grosse F\u00f6rderg\u00fcter. Hohe Stabilit\u00e4t, ruhiger Lauf und millimetergenaue Anpassung an Ihre Anwendung.","og_keywords":""},"_links":{"self":[{"href":"https:\/\/montech.com\/ch\/de\/wp-json\/wp\/v2\/pages\/27928","targetHints":{"allow":["GET"]}}],"collection":[{"href":"https:\/\/montech.com\/ch\/de\/wp-json\/wp\/v2\/pages"}],"about":[{"href":"https:\/\/montech.com\/ch\/de\/wp-json\/wp\/v2\/types\/page"}],"author":[{"embeddable":true,"href":"https:\/\/montech.com\/ch\/de\/wp-json\/wp\/v2\/users\/15"}],"replies":[{"embeddable":true,"href":"https:\/\/montech.com\/ch\/de\/wp-json\/wp\/v2\/comments?post=27928"}],"version-history":[{"count":25,"href":"https:\/\/montech.com\/ch\/de\/wp-json\/wp\/v2\/pages\/27928\/revisions"}],"predecessor-version":[{"id":28616,"href":"https:\/\/montech.com\/ch\/de\/wp-json\/wp\/v2\/pages\/27928\/revisions\/28616"}],"up":[{"embeddable":true,"href":"https:\/\/montech.com\/ch\/de\/wp-json\/wp\/v2\/pages\/27800"}],"wp:attachment":[{"href":"https:\/\/montech.com\/ch\/de\/wp-json\/wp\/v2\/media?parent=27928"}],"curies":[{"name":"wp","href":"https:\/\/api.w.org\/{rel}","templated":true}]}}