{"id":27935,"date":"2025-11-04T14:55:58","date_gmt":"2025-11-04T13:55:58","guid":{"rendered":"https:\/\/montech.com\/ch\/?page_id=27935"},"modified":"2026-03-04T10:58:00","modified_gmt":"2026-03-04T09:58:00","slug":"rollenbahn-rb5025-tandem","status":"publish","type":"page","link":"https:\/\/montech.com\/ch\/de\/rollenbahnen\/rollenbahn-rb5025-tandem\/","title":{"rendered":"Rollenbahn RB5025 tandem"},"content":{"rendered":"","protected":false},"excerpt":{"rendered":"","protected":false},"author":15,"featured_media":0,"parent":27800,"menu_order":0,"comment_status":"closed","ping_status":"closed","template":"views\/product.blade.php","meta":{"_acf_changed":false},"class_list":["post-27935","page","type-page","status-publish","hentry"],"acf":{"disable_search_index":false,"page_title":"Rollenbahn Tandem f\u00fcr sperrige F\u00f6rderg\u00fcter","og_title":"Rollenbahn Tandem f\u00fcr sperrige F\u00f6rderg\u00fcter","og_image":27937,"og_text":"Tandem-Rollenbahn mit bis zu 2025 mm F\u00f6rderbreite f\u00fcr gro\u00dfe, sperrige G\u00fcter. Flexible Abst\u00fctzung und freier Mittelraum f\u00fcr Bearbeitung.","og_keywords":""},"_links":{"self":[{"href":"https:\/\/montech.com\/ch\/de\/wp-json\/wp\/v2\/pages\/27935","targetHints":{"allow":["GET"]}}],"collection":[{"href":"https:\/\/montech.com\/ch\/de\/wp-json\/wp\/v2\/pages"}],"about":[{"href":"https:\/\/montech.com\/ch\/de\/wp-json\/wp\/v2\/types\/page"}],"author":[{"embeddable":true,"href":"https:\/\/montech.com\/ch\/de\/wp-json\/wp\/v2\/users\/15"}],"replies":[{"embeddable":true,"href":"https:\/\/montech.com\/ch\/de\/wp-json\/wp\/v2\/comments?post=27935"}],"version-history":[{"count":21,"href":"https:\/\/montech.com\/ch\/de\/wp-json\/wp\/v2\/pages\/27935\/revisions"}],"predecessor-version":[{"id":28977,"href":"https:\/\/montech.com\/ch\/de\/wp-json\/wp\/v2\/pages\/27935\/revisions\/28977"}],"up":[{"embeddable":true,"href":"https:\/\/montech.com\/ch\/de\/wp-json\/wp\/v2\/pages\/27800"}],"wp:attachment":[{"href":"https:\/\/montech.com\/ch\/de\/wp-json\/wp\/v2\/media?parent=27935"}],"curies":[{"name":"wp","href":"https:\/\/api.w.org\/{rel}","templated":true}]}}