{"id":28278,"date":"2025-12-05T09:17:52","date_gmt":"2025-12-05T08:17:52","guid":{"rendered":"https:\/\/montech.com\/ch\/?page_id=28278"},"modified":"2026-02-26T12:32:07","modified_gmt":"2026-02-26T11:32:07","slug":"warum-fraunhofer-zertifizierungen-fuer-reinraumfoerderbaender-so-bedeutsam-sind","status":"publish","type":"page","link":"https:\/\/montech.com\/ch\/de\/blog\/warum-fraunhofer-zertifizierungen-fuer-reinraumfoerderbaender-so-bedeutsam-sind\/","title":{"rendered":"Warum Fraunhofer-Zertifizierungen f\u00fcr Reinraumf\u00f6rderb\u00e4nder so bedeutsam sind"},"content":{"rendered":"","protected":false},"excerpt":{"rendered":"","protected":false},"author":15,"featured_media":0,"parent":26816,"menu_order":0,"comment_status":"closed","ping_status":"closed","template":"views\/products.blade.php","meta":{"_acf_changed":false},"class_list":["post-28278","page","type-page","status-publish","hentry"],"acf":{"disable_search_index":false,"page_title":"Fraunhofer-Zertifizierung f\u00fcr Reinraumf\u00f6rderb\u00e4nder","og_title":"Fraunhofer-Zertifizierung f\u00fcr Reinraumf\u00f6rderb\u00e4nder","og_image":"","og_text":"Warum Fraunhofer-Zertifizierungen f\u00fcr Reinraumf\u00f6rderb\u00e4nder entscheidend sind und wie Montech mit gepr\u00fcften F\u00f6rderl\u00f6sungen bis ISO 4 \u00fcberzeugt.","og_keywords":""},"_links":{"self":[{"href":"https:\/\/montech.com\/ch\/de\/wp-json\/wp\/v2\/pages\/28278","targetHints":{"allow":["GET"]}}],"collection":[{"href":"https:\/\/montech.com\/ch\/de\/wp-json\/wp\/v2\/pages"}],"about":[{"href":"https:\/\/montech.com\/ch\/de\/wp-json\/wp\/v2\/types\/page"}],"author":[{"embeddable":true,"href":"https:\/\/montech.com\/ch\/de\/wp-json\/wp\/v2\/users\/15"}],"replies":[{"embeddable":true,"href":"https:\/\/montech.com\/ch\/de\/wp-json\/wp\/v2\/comments?post=28278"}],"version-history":[{"count":12,"href":"https:\/\/montech.com\/ch\/de\/wp-json\/wp\/v2\/pages\/28278\/revisions"}],"predecessor-version":[{"id":28882,"href":"https:\/\/montech.com\/ch\/de\/wp-json\/wp\/v2\/pages\/28278\/revisions\/28882"}],"up":[{"embeddable":true,"href":"https:\/\/montech.com\/ch\/de\/wp-json\/wp\/v2\/pages\/26816"}],"wp:attachment":[{"href":"https:\/\/montech.com\/ch\/de\/wp-json\/wp\/v2\/media?parent=28278"}],"curies":[{"name":"wp","href":"https:\/\/api.w.org\/{rel}","templated":true}]}}