{"id":28538,"date":"2026-01-09T11:15:57","date_gmt":"2026-01-09T10:15:57","guid":{"rendered":"https:\/\/montech.com\/ch\/blog\/unsere-neuen-rollenbahnen-maximale-flexibilitaet-fuer-moderne-materialfluesse\/"},"modified":"2026-01-22T10:09:27","modified_gmt":"2026-01-22T09:09:27","slug":"unsere-neuen-rollenbahnen-maximale-flexibilitaet-fuer-moderne-materialfluesse","status":"publish","type":"page","link":"https:\/\/montech.com\/ch\/de\/blog\/unsere-neuen-rollenbahnen-maximale-flexibilitaet-fuer-moderne-materialfluesse\/","title":{"rendered":"Unsere neuen Rollenbahnen \u2013 maximale Flexibilit\u00e4t f\u00fcr moderne Materialfl\u00fcsse"},"content":{"rendered":"","protected":false},"excerpt":{"rendered":"","protected":false},"author":15,"featured_media":0,"parent":26816,"menu_order":0,"comment_status":"closed","ping_status":"closed","template":"views\/products.blade.php","meta":{"_acf_changed":false},"class_list":["post-28538","page","type-page","status-publish","hentry"],"acf":{"disable_search_index":false,"page_title":"Neue Rollenbahnen | Flexible Materialfl\u00fcsse","og_title":"Neue Rollenbahnen | Flexible Materialfl\u00fcsse","og_image":28514,"og_text":"Die neuen Schwerkraftrollenbahnen bieten maximale Flexibilit\u00e4t, modulare Konfiguration und schnelle Lieferzeiten f\u00fcr moderne Materialfl\u00fcsse.","og_keywords":""},"_links":{"self":[{"href":"https:\/\/montech.com\/ch\/de\/wp-json\/wp\/v2\/pages\/28538","targetHints":{"allow":["GET"]}}],"collection":[{"href":"https:\/\/montech.com\/ch\/de\/wp-json\/wp\/v2\/pages"}],"about":[{"href":"https:\/\/montech.com\/ch\/de\/wp-json\/wp\/v2\/types\/page"}],"author":[{"embeddable":true,"href":"https:\/\/montech.com\/ch\/de\/wp-json\/wp\/v2\/users\/15"}],"replies":[{"embeddable":true,"href":"https:\/\/montech.com\/ch\/de\/wp-json\/wp\/v2\/comments?post=28538"}],"version-history":[{"count":6,"href":"https:\/\/montech.com\/ch\/de\/wp-json\/wp\/v2\/pages\/28538\/revisions"}],"predecessor-version":[{"id":29024,"href":"https:\/\/montech.com\/ch\/de\/wp-json\/wp\/v2\/pages\/28538\/revisions\/29024"}],"up":[{"embeddable":true,"href":"https:\/\/montech.com\/ch\/de\/wp-json\/wp\/v2\/pages\/26816"}],"wp:attachment":[{"href":"https:\/\/montech.com\/ch\/de\/wp-json\/wp\/v2\/media?parent=28538"}],"curies":[{"name":"wp","href":"https:\/\/api.w.org\/{rel}","templated":true}]}}