{"id":28895,"date":"2026-02-26T14:25:06","date_gmt":"2026-02-26T13:25:06","guid":{"rendered":"https:\/\/montech.com\/ch\/?page_id=28895"},"modified":"2026-03-06T10:37:25","modified_gmt":"2026-03-06T09:37:25","slug":"produktionsprozesse-mit-foerderbaendern-in-verschiedenen-industrien","status":"publish","type":"page","link":"https:\/\/montech.com\/ch\/de\/blog\/produktionsprozesse-mit-foerderbaendern-in-verschiedenen-industrien\/","title":{"rendered":"Welche Prozessprobleme l\u00f6sen F\u00f6rderb\u00e4nder konkret \u2013 und in welchen Industrien?"},"content":{"rendered":"","protected":false},"excerpt":{"rendered":"","protected":false},"author":26,"featured_media":0,"parent":26816,"menu_order":0,"comment_status":"closed","ping_status":"closed","template":"views\/products.blade.php","meta":{"_acf_changed":false},"class_list":["post-28895","page","type-page","status-publish","hentry"],"acf":{"disable_search_index":false,"page_title":"Produktionsprozesse optimieren mit F\u00f6rderb\u00e4ndern in Industrien","og_title":"Produktionsprozesse optimieren mit F\u00f6rderb\u00e4ndern in Industrien","og_image":"","og_text":"Wie F\u00f6rderb\u00e4nder Produktionsprozesse stabilisieren: L\u00f6sungen f\u00fcr Materialfluss, Taktzeiten und Effizienz in Industrie, Verpackung, Pharma und Logistik.","og_keywords":"F\u00f6rderb\u00e4nder, Produktionsprozesse, Materialfluss, F\u00f6rdertechnik, Produktionslinien"},"_links":{"self":[{"href":"https:\/\/montech.com\/ch\/de\/wp-json\/wp\/v2\/pages\/28895","targetHints":{"allow":["GET"]}}],"collection":[{"href":"https:\/\/montech.com\/ch\/de\/wp-json\/wp\/v2\/pages"}],"about":[{"href":"https:\/\/montech.com\/ch\/de\/wp-json\/wp\/v2\/types\/page"}],"author":[{"embeddable":true,"href":"https:\/\/montech.com\/ch\/de\/wp-json\/wp\/v2\/users\/26"}],"replies":[{"embeddable":true,"href":"https:\/\/montech.com\/ch\/de\/wp-json\/wp\/v2\/comments?post=28895"}],"version-history":[{"count":24,"href":"https:\/\/montech.com\/ch\/de\/wp-json\/wp\/v2\/pages\/28895\/revisions"}],"predecessor-version":[{"id":29007,"href":"https:\/\/montech.com\/ch\/de\/wp-json\/wp\/v2\/pages\/28895\/revisions\/29007"}],"up":[{"embeddable":true,"href":"https:\/\/montech.com\/ch\/de\/wp-json\/wp\/v2\/pages\/26816"}],"wp:attachment":[{"href":"https:\/\/montech.com\/ch\/de\/wp-json\/wp\/v2\/media?parent=28895"}],"curies":[{"name":"wp","href":"https:\/\/api.w.org\/{rel}","templated":true}]}}