{"id":29097,"date":"2026-04-01T09:35:38","date_gmt":"2026-04-01T07:35:38","guid":{"rendered":"https:\/\/montech.com\/ch\/?page_id=29097"},"modified":"2026-04-08T11:31:43","modified_gmt":"2026-04-08T09:31:43","slug":"tb30-versus-tb40","status":"publish","type":"page","link":"https:\/\/montech.com\/ch\/de\/blog\/tb30-versus-tb40\/","title":{"rendered":"TB30 versus TB40"},"content":{"rendered":"","protected":false},"excerpt":{"rendered":"","protected":false},"author":26,"featured_media":0,"parent":26816,"menu_order":0,"comment_status":"closed","ping_status":"closed","template":"views\/products.blade.php","meta":{"_acf_changed":false},"class_list":["post-29097","page","type-page","status-publish","hentry"],"acf":{"disable_search_index":false,"page_title":"TB30 versus TB40","og_title":"TB30 versus TB40","og_image":"","og_text":"TB30 oder TB40? Entdecken Sie die Unterschiede der Montech F\u00f6rderb\u00e4nder: flexible L\u00f6sungen f\u00fcr individuelle Linien vs. kompakte Systeme mit integriertem Antrieb. Jetzt die passende L\u00f6sung finden.","og_keywords":"F\u00f6rderband, F\u00f6rdertechnik, Montech, F\u00f6rderband TB30, F\u00f6rderband TB40 "},"_links":{"self":[{"href":"https:\/\/montech.com\/ch\/de\/wp-json\/wp\/v2\/pages\/29097","targetHints":{"allow":["GET"]}}],"collection":[{"href":"https:\/\/montech.com\/ch\/de\/wp-json\/wp\/v2\/pages"}],"about":[{"href":"https:\/\/montech.com\/ch\/de\/wp-json\/wp\/v2\/types\/page"}],"author":[{"embeddable":true,"href":"https:\/\/montech.com\/ch\/de\/wp-json\/wp\/v2\/users\/26"}],"replies":[{"embeddable":true,"href":"https:\/\/montech.com\/ch\/de\/wp-json\/wp\/v2\/comments?post=29097"}],"version-history":[{"count":8,"href":"https:\/\/montech.com\/ch\/de\/wp-json\/wp\/v2\/pages\/29097\/revisions"}],"predecessor-version":[{"id":29145,"href":"https:\/\/montech.com\/ch\/de\/wp-json\/wp\/v2\/pages\/29097\/revisions\/29145"}],"up":[{"embeddable":true,"href":"https:\/\/montech.com\/ch\/de\/wp-json\/wp\/v2\/pages\/26816"}],"wp:attachment":[{"href":"https:\/\/montech.com\/ch\/de\/wp-json\/wp\/v2\/media?parent=29097"}],"curies":[{"name":"wp","href":"https:\/\/api.w.org\/{rel}","templated":true}]}}