{"id":394,"date":"2018-02-13T11:49:17","date_gmt":"2018-02-13T10:49:17","guid":{"rendered":"http:\/\/montech.com\/ch\/?page_id=394"},"modified":"2026-01-08T12:17:42","modified_gmt":"2026-01-08T11:17:42","slug":"loesungen-foerderbaender-transportsysteme","status":"publish","type":"page","link":"https:\/\/montech.com\/ch\/de\/loesungen-foerderbaender-transportsysteme\/","title":{"rendered":"Kundenspezifische L\u00f6sungen"},"content":{"rendered":"","protected":false},"excerpt":{"rendered":"","protected":false},"author":1,"featured_media":0,"parent":0,"menu_order":90,"comment_status":"closed","ping_status":"closed","template":"views\/solutions.blade.php","meta":{"_acf_changed":false},"class_list":["post-394","page","type-page","status-publish","hentry"],"acf":{"disable_search_index":false,"page_title":"L\u00f6sungen von Montech f\u00fcr Ihre Bed\u00fcrfnisse","og_title":"L\u00f6sungen von Montech f\u00fcr Ihre Bed\u00fcrfnisse","og_image":"","og_text":"Entdecken Sie unsere vielf\u00e4ltigen Einsatzm\u00f6glichkeiten von F\u00f6rderb\u00e4ndern, Transfersystemen und Aluprofilen f\u00fcr Ihr individuelles Bed\u00fcrfnis.","og_keywords":""},"_links":{"self":[{"href":"https:\/\/montech.com\/ch\/de\/wp-json\/wp\/v2\/pages\/394","targetHints":{"allow":["GET"]}}],"collection":[{"href":"https:\/\/montech.com\/ch\/de\/wp-json\/wp\/v2\/pages"}],"about":[{"href":"https:\/\/montech.com\/ch\/de\/wp-json\/wp\/v2\/types\/page"}],"author":[{"embeddable":true,"href":"https:\/\/montech.com\/ch\/de\/wp-json\/wp\/v2\/users\/1"}],"replies":[{"embeddable":true,"href":"https:\/\/montech.com\/ch\/de\/wp-json\/wp\/v2\/comments?post=394"}],"version-history":[{"count":56,"href":"https:\/\/montech.com\/ch\/de\/wp-json\/wp\/v2\/pages\/394\/revisions"}],"predecessor-version":[{"id":28506,"href":"https:\/\/montech.com\/ch\/de\/wp-json\/wp\/v2\/pages\/394\/revisions\/28506"}],"wp:attachment":[{"href":"https:\/\/montech.com\/ch\/de\/wp-json\/wp\/v2\/media?parent=394"}],"curies":[{"name":"wp","href":"https:\/\/api.w.org\/{rel}","templated":true}]}}